{"id":9,"date":"2018-06-30T21:28:27","date_gmt":"2018-06-30T19:28:27","guid":{"rendered":"http:\/\/tropinka57.pl\/?page_id=9"},"modified":"2020-09-15T10:49:34","modified_gmt":"2020-09-15T08:49:34","slug":"o-nas","status":"publish","type":"page","link":"https:\/\/tropinka57.pl\/","title":{"rendered":"O nas"},"content":{"rendered":"\n<figure class=\"wp-block-embed-youtube wp-block-embed is-type-video is-provider-youtube wp-embed-aspect-16-9 wp-has-aspect-ratio\"><div class=\"wp-block-embed__wrapper\">\n<iframe loading=\"lazy\" title=\"Jak mo\u017ce wygl\u0105da\u0107 film Twojego miejsca ? NOCLEGI.VIDEO - filmy promocyjne ofert noclegowych\" width=\"525\" height=\"295\" src=\"https:\/\/www.youtube.com\/embed\/t6K1dPft1cg?feature=oembed\" frameborder=\"0\" allow=\"accelerometer; autoplay; clipboard-write; encrypted-media; gyroscope; picture-in-picture; web-share\" referrerpolicy=\"strict-origin-when-cross-origin\" allowfullscreen><\/iframe>\n<\/div><\/figure>\n\n\n<p>Tropinka 57 to zabytkowy dom z 1928 roku po kompleksowym remoncie. Oferujemy przestronne, w pe\u0142ni wyposa\u017cone apartamenty.<\/p>\n<p>\u00a0<\/p>\n<p>Dbamy o bezpiecze\u0144stwo go\u015bci, ozonuj\u0105c i dezynfekuj\u0105c apartamenty po ka\u017cdym pobycie.<\/p>\n<p>Apartament sk\u0142ada si\u0119 z dw\u00f3ch sypialni, salonu, kuchni i \u0142azienki.<\/p>\n<p>\u0141\u0105cznie pozostawiamy do Pa\u0144stwa dyspozycji ponad 50 m2.<\/p>\n<p>Z balkonu maj\u0105 Pa\u0144stwo widok na panoram\u0119 Puszczy Bia\u0142owieskiej.<\/p>\n<p>Mog\u0105 Pa\u0144stwo korzysta\u0107 z sadu, hamak\u00f3w, miejsca ogniskowego, grilla i innych udogodnie\u0144 pozwalaj\u0105cych mi\u0142o sp\u0119dzi\u0107 czas.<\/p>\n<p>Dost\u0119pny jest parking, gara\u017c na rowery lub inny sprz\u0119t rekreacyjny.<\/p>\n<p>Oferujemy us\u0142ugi przewodnickie &#8211; zwiedzanie najciekawszych miejsc w Bia\u0142owie\u017cy i Puszczy<\/p>\n<p><img loading=\"lazy\" decoding=\"async\" class=\"alignnone wp-image-183 size-large\" src=\"http:\/\/tropinka57.pl\/wp-content\/uploads\/2019\/09\/od-ulicy-wyczyszczone-768x1024.jpg\" alt=\"\" width=\"525\" height=\"700\" srcset=\"https:\/\/tropinka57.pl\/wp-content\/uploads\/2019\/09\/od-ulicy-wyczyszczone-768x1024.jpg 768w, https:\/\/tropinka57.pl\/wp-content\/uploads\/2019\/09\/od-ulicy-wyczyszczone-225x300.jpg 225w\" sizes=\"(max-width: 525px) 100vw, 525px\" \/><\/p>\n<p><img loading=\"lazy\" decoding=\"async\" class=\"alignnone wp-image-179 size-large\" src=\"http:\/\/tropinka57.pl\/wp-content\/uploads\/2019\/09\/IMAG1864-1024x768.jpg\" alt=\"\" width=\"525\" height=\"394\" srcset=\"https:\/\/tropinka57.pl\/wp-content\/uploads\/2019\/09\/IMAG1864-1024x768.jpg 1024w, https:\/\/tropinka57.pl\/wp-content\/uploads\/2019\/09\/IMAG1864-300x225.jpg 300w, https:\/\/tropinka57.pl\/wp-content\/uploads\/2019\/09\/IMAG1864-768x576.jpg 768w\" sizes=\"(max-width: 525px) 100vw, 525px\" \/> <img loading=\"lazy\" decoding=\"async\" class=\"alignnone wp-image-182 size-large\" src=\"http:\/\/tropinka57.pl\/wp-content\/uploads\/2019\/09\/od-kuchni-wyczyszczone-1024x768.jpg\" alt=\"\" width=\"525\" height=\"394\" srcset=\"https:\/\/tropinka57.pl\/wp-content\/uploads\/2019\/09\/od-kuchni-wyczyszczone-1024x768.jpg 1024w, https:\/\/tropinka57.pl\/wp-content\/uploads\/2019\/09\/od-kuchni-wyczyszczone-300x225.jpg 300w, https:\/\/tropinka57.pl\/wp-content\/uploads\/2019\/09\/od-kuchni-wyczyszczone-768x576.jpg 768w\" sizes=\"(max-width: 525px) 100vw, 525px\" \/> <img loading=\"lazy\" decoding=\"async\" class=\"alignnone wp-image-184 size-large\" src=\"http:\/\/tropinka57.pl\/wp-content\/uploads\/2019\/09\/od-wali-wyczyszczone-1024x768.jpg\" alt=\"\" width=\"525\" height=\"394\" srcset=\"https:\/\/tropinka57.pl\/wp-content\/uploads\/2019\/09\/od-wali-wyczyszczone-1024x768.jpg 1024w, https:\/\/tropinka57.pl\/wp-content\/uploads\/2019\/09\/od-wali-wyczyszczone-300x225.jpg 300w, https:\/\/tropinka57.pl\/wp-content\/uploads\/2019\/09\/od-wali-wyczyszczone-768x576.jpg 768w\" sizes=\"(max-width: 525px) 100vw, 525px\" \/><\/p>","protected":false},"excerpt":{"rendered":"<p>Tropinka 57 to zabytkowy dom z 1928 roku po kompleksowym remoncie. Oferujemy przestronne, w pe\u0142ni wyposa\u017cone apartamenty. \u00a0 Dbamy o bezpiecze\u0144stwo go\u015bci, ozonuj\u0105c i dezynfekuj\u0105c apartamenty po ka\u017cdym pobycie. Apartament sk\u0142ada si\u0119 z dw\u00f3ch sypialni, salonu, kuchni i \u0142azienki. \u0141\u0105cznie pozostawiamy do Pa\u0144stwa dyspozycji ponad 50 m2. Z balkonu maj\u0105 Pa\u0144stwo widok na panoram\u0119 Puszczy &hellip; <\/p>\n<p class=\"link-more\"><a href=\"https:\/\/tropinka57.pl\/\" class=\"more-link\">Czytaj dalej<span class=\"screen-reader-text\"> O nas<\/span><\/a><\/p>\n","protected":false},"author":1,"featured_media":0,"parent":0,"menu_order":0,"comment_status":"closed","ping_status":"closed","template":"","meta":{"footnotes":""},"_links":{"self":[{"href":"https:\/\/tropinka57.pl\/index.php?rest_route=\/wp\/v2\/pages\/9"}],"collection":[{"href":"https:\/\/tropinka57.pl\/index.php?rest_route=\/wp\/v2\/pages"}],"about":[{"href":"https:\/\/tropinka57.pl\/index.php?rest_route=\/wp\/v2\/types\/page"}],"author":[{"embeddable":true,"href":"https:\/\/tropinka57.pl\/index.php?rest_route=\/wp\/v2\/users\/1"}],"replies":[{"embeddable":true,"href":"https:\/\/tropinka57.pl\/index.php?rest_route=%2Fwp%2Fv2%2Fcomments&post=9"}],"version-history":[{"count":8,"href":"https:\/\/tropinka57.pl\/index.php?rest_route=\/wp\/v2\/pages\/9\/revisions"}],"predecessor-version":[{"id":213,"href":"https:\/\/tropinka57.pl\/index.php?rest_route=\/wp\/v2\/pages\/9\/revisions\/213"}],"wp:attachment":[{"href":"https:\/\/tropinka57.pl\/index.php?rest_route=%2Fwp%2Fv2%2Fmedia&parent=9"}],"curies":[{"name":"wp","href":"https:\/\/api.w.org\/{rel}","templated":true}]}}