{"id":52,"date":"2018-06-30T22:02:25","date_gmt":"2018-06-30T20:02:25","guid":{"rendered":"http:\/\/tropinka57.pl\/?page_id=52"},"modified":"2020-10-20T13:25:09","modified_gmt":"2020-10-20T11:25:09","slug":"apartamentyx","status":"publish","type":"page","link":"https:\/\/tropinka57.pl\/?page_id=52","title":{"rendered":"Apartamenty"},"content":{"rendered":"<h1>Apartament g\u00f3rny:<\/h1>\n<p>Komfortowy apartament o powierzchni 50 m2, z tarasem, kompleksowo wyposa\u017cony. Go\u015bcie otrzymuj\u0105 ca\u0142y apartament na wy\u0142\u0105czno\u015b\u0107. Idealny dla rodziny z dzie\u0107mi lub pary znajomych.<\/p>\n<p>Mo\u017cliwe jest dowolne konfigurowanie ustawienia \u0142\u00f3\u017cek w celu zapewnienia komfortu pobytu.<\/p>\n<p>Apartament ozonowany i dezynfekowany myjk\u0105 parow\u0105 po wszystkich go\u015bciach &#8211; maj\u0105 wi\u0119c Pa\u0144stwo pewno\u015b\u0107, \u017ce wn\u0119trze jest higienicznie czyste.<\/p>\n<h2>Salon<\/h2>\n<p>St\u00f3\u0142 jadalny, komplet krzese\u0142, rozk\u0142adana sofa, fotele, wyj\u015bcie na wyposa\u017cony taras<\/p>\n<p><img loading=\"lazy\" decoding=\"async\" class=\"alignnone wp-image-201 size-large\" src=\"http:\/\/tropinka57.pl\/wp-content\/uploads\/2020\/05\/IMG_20200425_170033707-1024x768.jpg\" alt=\"\" width=\"525\" height=\"394\" srcset=\"https:\/\/tropinka57.pl\/wp-content\/uploads\/2020\/05\/IMG_20200425_170033707-1024x768.jpg 1024w, https:\/\/tropinka57.pl\/wp-content\/uploads\/2020\/05\/IMG_20200425_170033707-300x225.jpg 300w, https:\/\/tropinka57.pl\/wp-content\/uploads\/2020\/05\/IMG_20200425_170033707-768x576.jpg 768w, https:\/\/tropinka57.pl\/wp-content\/uploads\/2020\/05\/IMG_20200425_170033707-1536x1152.jpg 1536w, https:\/\/tropinka57.pl\/wp-content\/uploads\/2020\/05\/IMG_20200425_170033707-2048x1536.jpg 2048w\" sizes=\"(max-width: 525px) 100vw, 525px\" \/><\/p>\n<p><img loading=\"lazy\" decoding=\"async\" class=\"alignnone wp-image-122 size-large\" src=\"http:\/\/tropinka57.pl\/wp-content\/uploads\/2018\/07\/IMG_20180722_151932652-1024x768.jpg\" alt=\"\" width=\"525\" height=\"394\" srcset=\"https:\/\/tropinka57.pl\/wp-content\/uploads\/2018\/07\/IMG_20180722_151932652-1024x768.jpg 1024w, https:\/\/tropinka57.pl\/wp-content\/uploads\/2018\/07\/IMG_20180722_151932652-300x225.jpg 300w, https:\/\/tropinka57.pl\/wp-content\/uploads\/2018\/07\/IMG_20180722_151932652-768x576.jpg 768w\" sizes=\"(max-width: 525px) 100vw, 525px\" \/><\/p>\n<h2>Sypialnia I<\/h2>\n<p>\u0141\u00f3\u017cko dwuosobowe, rozk\u0142adana sofa, d\u0119bowa komoda, szafa, fotele, st\u00f3\u0142<\/p>\n<p><img loading=\"lazy\" decoding=\"async\" class=\"alignnone wp-image-87 size-large\" src=\"http:\/\/tropinka57.pl\/wp-content\/uploads\/2018\/07\/IMG_20180722_150316985-1024x768.jpg\" alt=\"\" width=\"525\" height=\"394\" srcset=\"https:\/\/tropinka57.pl\/wp-content\/uploads\/2018\/07\/IMG_20180722_150316985-1024x768.jpg 1024w, https:\/\/tropinka57.pl\/wp-content\/uploads\/2018\/07\/IMG_20180722_150316985-300x225.jpg 300w, https:\/\/tropinka57.pl\/wp-content\/uploads\/2018\/07\/IMG_20180722_150316985-768x576.jpg 768w\" sizes=\"(max-width: 525px) 100vw, 525px\" \/>&nbsp;<img loading=\"lazy\" decoding=\"async\" class=\"alignnone wp-image-81 size-large\" src=\"http:\/\/tropinka57.pl\/wp-content\/uploads\/2018\/07\/IMG_20180722_150045962-1024x768.jpg\" alt=\"\" width=\"525\" height=\"394\" srcset=\"https:\/\/tropinka57.pl\/wp-content\/uploads\/2018\/07\/IMG_20180722_150045962-1024x768.jpg 1024w, https:\/\/tropinka57.pl\/wp-content\/uploads\/2018\/07\/IMG_20180722_150045962-300x225.jpg 300w, https:\/\/tropinka57.pl\/wp-content\/uploads\/2018\/07\/IMG_20180722_150045962-768x576.jpg 768w\" sizes=\"(max-width: 525px) 100vw, 525px\" \/><\/p>\n<h2>Sypialnia II<\/h2>\n<p>\u0141\u00f3\u017cko dwuosobowe, rozk\u0142adana sofa, komoda d\u0119bowa, stolik, szafka<\/p>\n<p><img loading=\"lazy\" decoding=\"async\" class=\"alignnone wp-image-202 size-large\" src=\"http:\/\/tropinka57.pl\/wp-content\/uploads\/2020\/05\/IMG_20180722_150906002-1024x768.jpg\" alt=\"\" width=\"525\" height=\"394\" srcset=\"https:\/\/tropinka57.pl\/wp-content\/uploads\/2020\/05\/IMG_20180722_150906002-1024x768.jpg 1024w, https:\/\/tropinka57.pl\/wp-content\/uploads\/2020\/05\/IMG_20180722_150906002-300x225.jpg 300w, https:\/\/tropinka57.pl\/wp-content\/uploads\/2020\/05\/IMG_20180722_150906002-768x576.jpg 768w, https:\/\/tropinka57.pl\/wp-content\/uploads\/2020\/05\/IMG_20180722_150906002-1536x1152.jpg 1536w, https:\/\/tropinka57.pl\/wp-content\/uploads\/2020\/05\/IMG_20180722_150906002-2048x1536.jpg 2048w\" sizes=\"(max-width: 525px) 100vw, 525px\" \/><\/p>\n<p><img loading=\"lazy\" decoding=\"async\" class=\"alignnone wp-image-203 size-large\" src=\"http:\/\/tropinka57.pl\/wp-content\/uploads\/2020\/05\/IMG_20200425_170901056-1024x768.jpg\" alt=\"\" width=\"525\" height=\"394\" srcset=\"https:\/\/tropinka57.pl\/wp-content\/uploads\/2020\/05\/IMG_20200425_170901056-1024x768.jpg 1024w, https:\/\/tropinka57.pl\/wp-content\/uploads\/2020\/05\/IMG_20200425_170901056-300x225.jpg 300w, https:\/\/tropinka57.pl\/wp-content\/uploads\/2020\/05\/IMG_20200425_170901056-768x576.jpg 768w, https:\/\/tropinka57.pl\/wp-content\/uploads\/2020\/05\/IMG_20200425_170901056-1536x1152.jpg 1536w, https:\/\/tropinka57.pl\/wp-content\/uploads\/2020\/05\/IMG_20200425_170901056-2048x1536.jpg 2048w\" sizes=\"(max-width: 525px) 100vw, 525px\" \/><\/p>\n<p><img loading=\"lazy\" decoding=\"async\" class=\"alignleft wp-image-100 size-large\" src=\"http:\/\/tropinka57.pl\/wp-content\/uploads\/2018\/07\/IMG_20180722_150837974_HDR-1024x768.jpg\" alt=\"\" width=\"525\" height=\"394\" srcset=\"https:\/\/tropinka57.pl\/wp-content\/uploads\/2018\/07\/IMG_20180722_150837974_HDR-1024x768.jpg 1024w, https:\/\/tropinka57.pl\/wp-content\/uploads\/2018\/07\/IMG_20180722_150837974_HDR-300x225.jpg 300w, https:\/\/tropinka57.pl\/wp-content\/uploads\/2018\/07\/IMG_20180722_150837974_HDR-768x576.jpg 768w\" sizes=\"(max-width: 525px) 100vw, 525px\" \/><\/p>\n<h2>Kuchnia<\/h2>\n<p>W pe\u0142ni wyposa\u017cona: lod\u00f3wka, kuchenka, piekarnik, czajnik, ekspres do kawy, zastawa sto\u0142owa, sztu\u0107ce, garnki, miski<\/p>\n<p><img loading=\"lazy\" decoding=\"async\" class=\"alignnone wp-image-198 size-large\" src=\"http:\/\/tropinka57.pl\/wp-content\/uploads\/2020\/05\/IMG_20200425_170445143-1024x768.jpg\" alt=\"\" width=\"525\" height=\"394\" srcset=\"https:\/\/tropinka57.pl\/wp-content\/uploads\/2020\/05\/IMG_20200425_170445143-1024x768.jpg 1024w, https:\/\/tropinka57.pl\/wp-content\/uploads\/2020\/05\/IMG_20200425_170445143-300x225.jpg 300w, https:\/\/tropinka57.pl\/wp-content\/uploads\/2020\/05\/IMG_20200425_170445143-768x576.jpg 768w, https:\/\/tropinka57.pl\/wp-content\/uploads\/2020\/05\/IMG_20200425_170445143-1536x1152.jpg 1536w, https:\/\/tropinka57.pl\/wp-content\/uploads\/2020\/05\/IMG_20200425_170445143-2048x1536.jpg 2048w\" sizes=\"(max-width: 525px) 100vw, 525px\" \/><\/p>\n<p><img loading=\"lazy\" decoding=\"async\" class=\"alignnone wp-image-142 size-large\" src=\"http:\/\/tropinka57.pl\/wp-content\/uploads\/2018\/07\/IMG_20180722_152324014-1024x768.jpg\" alt=\"\" width=\"525\" height=\"394\" srcset=\"https:\/\/tropinka57.pl\/wp-content\/uploads\/2018\/07\/IMG_20180722_152324014-1024x768.jpg 1024w, https:\/\/tropinka57.pl\/wp-content\/uploads\/2018\/07\/IMG_20180722_152324014-300x225.jpg 300w, https:\/\/tropinka57.pl\/wp-content\/uploads\/2018\/07\/IMG_20180722_152324014-768x576.jpg 768w\" sizes=\"(max-width: 525px) 100vw, 525px\" \/> <img loading=\"lazy\" decoding=\"async\" class=\"alignnone wp-image-139 size-large\" src=\"http:\/\/tropinka57.pl\/wp-content\/uploads\/2018\/07\/IMG_20180722_152254233-1024x768.jpg\" alt=\"\" width=\"525\" height=\"394\" srcset=\"https:\/\/tropinka57.pl\/wp-content\/uploads\/2018\/07\/IMG_20180722_152254233-1024x768.jpg 1024w, https:\/\/tropinka57.pl\/wp-content\/uploads\/2018\/07\/IMG_20180722_152254233-300x225.jpg 300w, https:\/\/tropinka57.pl\/wp-content\/uploads\/2018\/07\/IMG_20180722_152254233-768x576.jpg 768w\" sizes=\"(max-width: 525px) 100vw, 525px\" \/><\/p>\n<h2>\u0141azienka<\/h2>\n<p>Prysznic z deszczownic\u0105, szafki, p\u00f3\u0142ka na kosmetyki, suszarka do w\u0142os\u00f3w<\/p>\n<p><img loading=\"lazy\" decoding=\"async\" class=\"alignnone wp-image-94 size-large\" src=\"http:\/\/tropinka57.pl\/wp-content\/uploads\/2018\/07\/IMG_20180722_150453343-768x1024.jpg\" alt=\"\" width=\"525\" height=\"700\" srcset=\"https:\/\/tropinka57.pl\/wp-content\/uploads\/2018\/07\/IMG_20180722_150453343-768x1024.jpg 768w, https:\/\/tropinka57.pl\/wp-content\/uploads\/2018\/07\/IMG_20180722_150453343-225x300.jpg 225w\" sizes=\"(max-width: 525px) 100vw, 525px\" \/><\/p>\n<h1><\/h1>\n<h1>Standard<\/h1>\n<h2>Zapewniamy zestawy po\u015bcieli, r\u0119czniki oraz \u015brodki czysto\u015bci dla wszystkich go\u015bci.<\/h2>\n<h2>Dodatkowe wyposa\u017cenie:<\/h2>\n<h2>Deska do prasowania, suszarka do ubra\u0144, \u017celazko, odkurzacz, \u015brodki czysto\u015bci.<\/h2>\n<h2>Do Pa\u0144stwa dyspozycji:<\/h2>\n<h2>\u0141o\u017ceczko dzieci\u0119ce turystyczne<\/h2>\n<h2>Parking dla samochod\u00f3w, gara\u017c dla rower\u00f3w i sprz\u0119tu rekreacyjnego<\/h2>\n<h2>Miejsce ogniskowe i grill, wraz ze sto\u0142ami, krzes\u0142ami i niezb\u0119dnym wyposa\u017ceniem.<\/h2>\n<h2>Przestrze\u0144 rekreacyjna w sadzie &#8211; umo\u017cliwiaj\u0105ca aktywny wypoczynek z dzie\u0107mi<\/h2>\n<h2>Przestrze\u0144 wypoczynkowa z hamakami, le\u017cakami<\/h2>\n<p><img loading=\"lazy\" decoding=\"async\" class=\"alignnone wp-image-181 size-large\" src=\"http:\/\/tropinka57.pl\/wp-content\/uploads\/2019\/09\/miejsce-wypoczynkowe-1024x768.jpg\" alt=\"\" width=\"525\" height=\"394\" srcset=\"https:\/\/tropinka57.pl\/wp-content\/uploads\/2019\/09\/miejsce-wypoczynkowe-1024x768.jpg 1024w, https:\/\/tropinka57.pl\/wp-content\/uploads\/2019\/09\/miejsce-wypoczynkowe-300x225.jpg 300w, https:\/\/tropinka57.pl\/wp-content\/uploads\/2019\/09\/miejsce-wypoczynkowe-768x576.jpg 768w\" sizes=\"(max-width: 525px) 100vw, 525px\" \/> <img loading=\"lazy\" decoding=\"async\" class=\"alignnone wp-image-180 size-large\" src=\"http:\/\/tropinka57.pl\/wp-content\/uploads\/2019\/09\/IMAG1874-1024x768.jpg\" alt=\"\" width=\"525\" height=\"394\" srcset=\"https:\/\/tropinka57.pl\/wp-content\/uploads\/2019\/09\/IMAG1874-1024x768.jpg 1024w, https:\/\/tropinka57.pl\/wp-content\/uploads\/2019\/09\/IMAG1874-300x225.jpg 300w, https:\/\/tropinka57.pl\/wp-content\/uploads\/2019\/09\/IMAG1874-768x576.jpg 768w\" sizes=\"(max-width: 525px) 100vw, 525px\" \/><\/p>\n<h1>Apartamenty dolne:<\/h1>\n<h2>Dwie sypialnie<\/h2>\n<h2>Aneks kuchenny<\/h2>\n<h2>\u0141azienka<\/h2>\n\n\n<figure class=\"wp-block-image size-medium\"><img loading=\"lazy\" decoding=\"async\" width=\"300\" height=\"224\" src=\"http:\/\/tropinka57.pl\/wp-content\/uploads\/2020\/10\/IMG_20200824_105818-300x224.jpg\" alt=\"\" class=\"wp-image-214\" srcset=\"https:\/\/tropinka57.pl\/wp-content\/uploads\/2020\/10\/IMG_20200824_105818-300x224.jpg 300w, https:\/\/tropinka57.pl\/wp-content\/uploads\/2020\/10\/IMG_20200824_105818-1024x766.jpg 1024w, https:\/\/tropinka57.pl\/wp-content\/uploads\/2020\/10\/IMG_20200824_105818-768x575.jpg 768w, https:\/\/tropinka57.pl\/wp-content\/uploads\/2020\/10\/IMG_20200824_105818-1536x1149.jpg 1536w, https:\/\/tropinka57.pl\/wp-content\/uploads\/2020\/10\/IMG_20200824_105818-2048x1532.jpg 2048w\" sizes=\"(max-width: 300px) 100vw, 300px\" \/><\/figure>\n\n\n\n<figure class=\"wp-block-image size-medium\"><img loading=\"lazy\" decoding=\"async\" width=\"224\" height=\"300\" src=\"http:\/\/tropinka57.pl\/wp-content\/uploads\/2020\/10\/IMG_20200824_105932-224x300.jpg\" alt=\"\" class=\"wp-image-215\" srcset=\"https:\/\/tropinka57.pl\/wp-content\/uploads\/2020\/10\/IMG_20200824_105932-224x300.jpg 224w, https:\/\/tropinka57.pl\/wp-content\/uploads\/2020\/10\/IMG_20200824_105932-766x1024.jpg 766w, https:\/\/tropinka57.pl\/wp-content\/uploads\/2020\/10\/IMG_20200824_105932-768x1026.jpg 768w, https:\/\/tropinka57.pl\/wp-content\/uploads\/2020\/10\/IMG_20200824_105932-1149x1536.jpg 1149w, https:\/\/tropinka57.pl\/wp-content\/uploads\/2020\/10\/IMG_20200824_105932-1532x2048.jpg 1532w, https:\/\/tropinka57.pl\/wp-content\/uploads\/2020\/10\/IMG_20200824_105932-scaled.jpg 1916w\" sizes=\"(max-width: 224px) 100vw, 224px\" \/><\/figure>\n\n\n\n<figure class=\"wp-block-image size-medium\"><img loading=\"lazy\" decoding=\"async\" width=\"300\" height=\"224\" src=\"http:\/\/tropinka57.pl\/wp-content\/uploads\/2020\/10\/IMG_20200824_105946-300x224.jpg\" alt=\"\" class=\"wp-image-216\" srcset=\"https:\/\/tropinka57.pl\/wp-content\/uploads\/2020\/10\/IMG_20200824_105946-300x224.jpg 300w, https:\/\/tropinka57.pl\/wp-content\/uploads\/2020\/10\/IMG_20200824_105946-1024x766.jpg 1024w, https:\/\/tropinka57.pl\/wp-content\/uploads\/2020\/10\/IMG_20200824_105946-768x575.jpg 768w, https:\/\/tropinka57.pl\/wp-content\/uploads\/2020\/10\/IMG_20200824_105946-1536x1149.jpg 1536w, https:\/\/tropinka57.pl\/wp-content\/uploads\/2020\/10\/IMG_20200824_105946-2048x1532.jpg 2048w\" sizes=\"(max-width: 300px) 100vw, 300px\" \/><\/figure>\n\n\n\n<figure class=\"wp-block-image size-medium\"><img loading=\"lazy\" decoding=\"async\" width=\"300\" height=\"224\" src=\"http:\/\/tropinka57.pl\/wp-content\/uploads\/2020\/10\/IMG_20200824_111153-300x224.jpg\" alt=\"\" class=\"wp-image-217\" srcset=\"https:\/\/tropinka57.pl\/wp-content\/uploads\/2020\/10\/IMG_20200824_111153-300x224.jpg 300w, https:\/\/tropinka57.pl\/wp-content\/uploads\/2020\/10\/IMG_20200824_111153-1024x766.jpg 1024w, https:\/\/tropinka57.pl\/wp-content\/uploads\/2020\/10\/IMG_20200824_111153-768x575.jpg 768w, https:\/\/tropinka57.pl\/wp-content\/uploads\/2020\/10\/IMG_20200824_111153-1536x1149.jpg 1536w, https:\/\/tropinka57.pl\/wp-content\/uploads\/2020\/10\/IMG_20200824_111153-2048x1532.jpg 2048w\" sizes=\"(max-width: 300px) 100vw, 300px\" \/><\/figure>\n\n\n\n<figure class=\"wp-block-image size-medium\"><img loading=\"lazy\" decoding=\"async\" width=\"224\" height=\"300\" src=\"http:\/\/tropinka57.pl\/wp-content\/uploads\/2020\/10\/IMG_20200824_111258-224x300.jpg\" alt=\"\" class=\"wp-image-218\" srcset=\"https:\/\/tropinka57.pl\/wp-content\/uploads\/2020\/10\/IMG_20200824_111258-224x300.jpg 224w, https:\/\/tropinka57.pl\/wp-content\/uploads\/2020\/10\/IMG_20200824_111258-766x1024.jpg 766w, https:\/\/tropinka57.pl\/wp-content\/uploads\/2020\/10\/IMG_20200824_111258-768x1026.jpg 768w, https:\/\/tropinka57.pl\/wp-content\/uploads\/2020\/10\/IMG_20200824_111258-1149x1536.jpg 1149w, https:\/\/tropinka57.pl\/wp-content\/uploads\/2020\/10\/IMG_20200824_111258-1532x2048.jpg 1532w, https:\/\/tropinka57.pl\/wp-content\/uploads\/2020\/10\/IMG_20200824_111258-scaled.jpg 1916w\" sizes=\"(max-width: 224px) 100vw, 224px\" \/><\/figure>\n\n\n\n<figure class=\"wp-block-image size-medium\"><img loading=\"lazy\" decoding=\"async\" width=\"300\" height=\"224\" src=\"http:\/\/tropinka57.pl\/wp-content\/uploads\/2020\/10\/IMG_20200824_111355-300x224.jpg\" alt=\"\" class=\"wp-image-219\" srcset=\"https:\/\/tropinka57.pl\/wp-content\/uploads\/2020\/10\/IMG_20200824_111355-300x224.jpg 300w, https:\/\/tropinka57.pl\/wp-content\/uploads\/2020\/10\/IMG_20200824_111355-1024x766.jpg 1024w, https:\/\/tropinka57.pl\/wp-content\/uploads\/2020\/10\/IMG_20200824_111355-768x575.jpg 768w, https:\/\/tropinka57.pl\/wp-content\/uploads\/2020\/10\/IMG_20200824_111355-1536x1149.jpg 1536w, https:\/\/tropinka57.pl\/wp-content\/uploads\/2020\/10\/IMG_20200824_111355-2048x1532.jpg 2048w\" sizes=\"(max-width: 300px) 100vw, 300px\" \/><\/figure>\n\n\n\n<figure class=\"wp-block-image size-medium\"><img loading=\"lazy\" decoding=\"async\" width=\"224\" height=\"300\" src=\"http:\/\/tropinka57.pl\/wp-content\/uploads\/2020\/10\/IMG_20200824_111652-224x300.jpg\" alt=\"\" class=\"wp-image-220\" srcset=\"https:\/\/tropinka57.pl\/wp-content\/uploads\/2020\/10\/IMG_20200824_111652-224x300.jpg 224w, https:\/\/tropinka57.pl\/wp-content\/uploads\/2020\/10\/IMG_20200824_111652-766x1024.jpg 766w, https:\/\/tropinka57.pl\/wp-content\/uploads\/2020\/10\/IMG_20200824_111652-768x1026.jpg 768w, https:\/\/tropinka57.pl\/wp-content\/uploads\/2020\/10\/IMG_20200824_111652-1149x1536.jpg 1149w, https:\/\/tropinka57.pl\/wp-content\/uploads\/2020\/10\/IMG_20200824_111652-1532x2048.jpg 1532w, https:\/\/tropinka57.pl\/wp-content\/uploads\/2020\/10\/IMG_20200824_111652-scaled.jpg 1916w\" sizes=\"(max-width: 224px) 100vw, 224px\" \/><\/figure>\n\n\n\n<figure class=\"wp-block-image size-medium\"><img loading=\"lazy\" decoding=\"async\" width=\"224\" height=\"300\" src=\"http:\/\/tropinka57.pl\/wp-content\/uploads\/2020\/10\/IMG_20200824_111910-224x300.jpg\" alt=\"\" class=\"wp-image-222\" srcset=\"https:\/\/tropinka57.pl\/wp-content\/uploads\/2020\/10\/IMG_20200824_111910-224x300.jpg 224w, https:\/\/tropinka57.pl\/wp-content\/uploads\/2020\/10\/IMG_20200824_111910-766x1024.jpg 766w, https:\/\/tropinka57.pl\/wp-content\/uploads\/2020\/10\/IMG_20200824_111910-768x1026.jpg 768w, https:\/\/tropinka57.pl\/wp-content\/uploads\/2020\/10\/IMG_20200824_111910-1149x1536.jpg 1149w, https:\/\/tropinka57.pl\/wp-content\/uploads\/2020\/10\/IMG_20200824_111910-1532x2048.jpg 1532w, https:\/\/tropinka57.pl\/wp-content\/uploads\/2020\/10\/IMG_20200824_111910-scaled.jpg 1916w\" sizes=\"(max-width: 224px) 100vw, 224px\" \/><\/figure>\n\n\n\n<figure class=\"wp-block-image size-medium\"><img loading=\"lazy\" decoding=\"async\" width=\"169\" height=\"300\" src=\"http:\/\/tropinka57.pl\/wp-content\/uploads\/2020\/10\/IMG_20200924_125235-169x300.jpg\" alt=\"\" class=\"wp-image-223\" srcset=\"https:\/\/tropinka57.pl\/wp-content\/uploads\/2020\/10\/IMG_20200924_125235-169x300.jpg 169w, https:\/\/tropinka57.pl\/wp-content\/uploads\/2020\/10\/IMG_20200924_125235-576x1024.jpg 576w, https:\/\/tropinka57.pl\/wp-content\/uploads\/2020\/10\/IMG_20200924_125235-768x1365.jpg 768w, https:\/\/tropinka57.pl\/wp-content\/uploads\/2020\/10\/IMG_20200924_125235-864x1536.jpg 864w, https:\/\/tropinka57.pl\/wp-content\/uploads\/2020\/10\/IMG_20200924_125235-1152x2048.jpg 1152w, https:\/\/tropinka57.pl\/wp-content\/uploads\/2020\/10\/IMG_20200924_125235-scaled.jpg 1440w\" sizes=\"(max-width: 169px) 100vw, 169px\" \/><\/figure>\n\n\n\n<figure class=\"wp-block-image size-medium\"><img loading=\"lazy\" decoding=\"async\" width=\"169\" height=\"300\" src=\"http:\/\/tropinka57.pl\/wp-content\/uploads\/2020\/10\/IMG_20200924_125253-169x300.jpg\" alt=\"\" class=\"wp-image-224\" srcset=\"https:\/\/tropinka57.pl\/wp-content\/uploads\/2020\/10\/IMG_20200924_125253-169x300.jpg 169w, https:\/\/tropinka57.pl\/wp-content\/uploads\/2020\/10\/IMG_20200924_125253-576x1024.jpg 576w, https:\/\/tropinka57.pl\/wp-content\/uploads\/2020\/10\/IMG_20200924_125253-768x1365.jpg 768w, https:\/\/tropinka57.pl\/wp-content\/uploads\/2020\/10\/IMG_20200924_125253-864x1536.jpg 864w, https:\/\/tropinka57.pl\/wp-content\/uploads\/2020\/10\/IMG_20200924_125253-1152x2048.jpg 1152w, https:\/\/tropinka57.pl\/wp-content\/uploads\/2020\/10\/IMG_20200924_125253-scaled.jpg 1440w\" sizes=\"(max-width: 169px) 100vw, 169px\" \/><\/figure>\n","protected":false},"excerpt":{"rendered":"<p>Apartament g\u00f3rny: Komfortowy apartament o powierzchni 50 m2, z tarasem, kompleksowo wyposa\u017cony. Go\u015bcie otrzymuj\u0105 ca\u0142y apartament na wy\u0142\u0105czno\u015b\u0107. Idealny dla rodziny z dzie\u0107mi lub pary znajomych. Mo\u017cliwe jest dowolne konfigurowanie ustawienia \u0142\u00f3\u017cek w celu zapewnienia komfortu pobytu. Apartament ozonowany i dezynfekowany myjk\u0105 parow\u0105 po wszystkich go\u015bciach &#8211; maj\u0105 wi\u0119c Pa\u0144stwo pewno\u015b\u0107, \u017ce wn\u0119trze jest higienicznie &hellip; <\/p>\n<p class=\"link-more\"><a href=\"https:\/\/tropinka57.pl\/?page_id=52\" class=\"more-link\">Czytaj dalej<span class=\"screen-reader-text\"> Apartamenty<\/span><\/a><\/p>\n","protected":false},"author":1,"featured_media":208,"parent":0,"menu_order":0,"comment_status":"closed","ping_status":"closed","template":"","meta":{"footnotes":""},"_links":{"self":[{"href":"https:\/\/tropinka57.pl\/index.php?rest_route=\/wp\/v2\/pages\/52"}],"collection":[{"href":"https:\/\/tropinka57.pl\/index.php?rest_route=\/wp\/v2\/pages"}],"about":[{"href":"https:\/\/tropinka57.pl\/index.php?rest_route=\/wp\/v2\/types\/page"}],"author":[{"embeddable":true,"href":"https:\/\/tropinka57.pl\/index.php?rest_route=\/wp\/v2\/users\/1"}],"replies":[{"embeddable":true,"href":"https:\/\/tropinka57.pl\/index.php?rest_route=%2Fwp%2Fv2%2Fcomments&post=52"}],"version-history":[{"count":13,"href":"https:\/\/tropinka57.pl\/index.php?rest_route=\/wp\/v2\/pages\/52\/revisions"}],"predecessor-version":[{"id":225,"href":"https:\/\/tropinka57.pl\/index.php?rest_route=\/wp\/v2\/pages\/52\/revisions\/225"}],"wp:featuredmedia":[{"embeddable":true,"href":"https:\/\/tropinka57.pl\/index.php?rest_route=\/wp\/v2\/media\/208"}],"wp:attachment":[{"href":"https:\/\/tropinka57.pl\/index.php?rest_route=%2Fwp%2Fv2%2Fmedia&parent=52"}],"curies":[{"name":"wp","href":"https:\/\/api.w.org\/{rel}","templated":true}]}}